{"id":20675,"date":"2018-11-14T10:55:19","date_gmt":"2018-11-14T09:55:19","guid":{"rendered":"https:\/\/www.i-sped.com\/?page_id=20675"},"modified":"2019-07-10T17:07:35","modified_gmt":"2019-07-10T15:07:35","slug":"la-empresa","status":"publish","type":"page","link":"https:\/\/www.i-sped.com\/es\/la-empresa\/","title":{"rendered":"El personal de I-Sped"},"content":{"rendered":"<p>[vc_row columns_gap=\u00bb40&#8243; margin_bottom=\u00bb30&#8243;][vc_column width=\u00bb1\/2&#8243;][vc_column_text]I-Sped es una organizaci\u00f3n de transporte que ofrece una amplia gama de soluciones de log\u00edstica a nuestros clientes para el transporte de sus productos con trazabilidad completa, as\u00ed como los tiempos de tr\u00e1nsito y costos adecuados.<br \/>\nI-Sped es muy activa en el sector ferial y puede ofrecer a sus clientes una presencia constante y entregas muy r\u00e1pidas.[\/vc_column_text][\/vc_column][vc_column width=\u00bb1\/2&#8243;][vc_column_text]Nos proponemos ofrecer a nuestros clientes de paqueter\u00eda industrial, en todo el mundo, servicios log\u00edsticos de calidad, asegurando la excelencia en el servicio tanto a nivel de plazos de entrega, como en los procesos de informaci\u00f3n, trazabilidad y operaciones de valor a\u00f1adido.[\/vc_column_text][\/vc_column][\/vc_row][vc_row section_type=\u00bbfullwidth\u00bb columns_gap=\u00bbnone\u00bb margin_bottom=\u00bb30&#8243;][vc_column]<div class=\"eut-element eut-image eut-align-center eut-full-image eut-image-space-100\" style=\"\">  <div class=\"eut-image-wrapper\"><img loading=\"lazy\" decoding=\"async\" width=\"1350\" height=\"390\" src=\"https:\/\/www.i-sped.com\/wp-content\/uploads\/2018\/10\/I-SPED-spedizioni-fiere_azienda.jpg\" class=\"attachment-full size-full\" alt=\"Immagine di addetti che installano l&#039;allestimento all&#039;interno di un impianto fieristico\" srcset=\"https:\/\/www.i-sped.com\/wp-content\/uploads\/2018\/10\/I-SPED-spedizioni-fiere_azienda.jpg 1x,https:\/\/www.i-sped.com\/wp-content\/uploads\/2018\/10\/I-SPED-spedizioni-fiere_azienda_retina.jpg 2x\" \/>   <\/div><\/div>[\/vc_column][\/vc_row][vc_row columns_gap=\u00bb40&#8243; margin_bottom=\u00bb40&#8243;][vc_column width=\u00bb1\/4&#8243;][vc_column_text]<\/p>\n<h3>El trato humano de la empresa<\/h3>\n<p>[\/vc_column_text][\/vc_column][vc_column width=\u00bb3\/4&#8243;][vc_column_text]<\/p>\n<p style=\"letter-spacing: -0.5px; font-size: 20px; line-height: 28px; font-weight: lighter;\">En un mondo siempre mas tecnol\u00f3gico, I-Sped sabe muy bien que ofrecer un contacto humano es la diferencia para ser mas cerca de nuestros clientes.<\/p>\n<p>[\/vc_column_text][\/vc_column][\/vc_row][vc_row][vc_column width=\u00bb1\/4&#8243;]\r\n\t\t\t\t<div class=\"eut-team eut-element eut-layout-1\" style=\"\">\r\n\t\t\t<figure class=\"eut-image-hover eut-zoom-none\">\r\n\t\t\t\t\t\t\t\t<div class=\"eut-team-person\">\r\n\t\t\t\t\t<div class=\"eut-bg-light eut-hover-overlay eut-opacity-20\"><\/div>\r\n\t\t\t\t\t<img loading=\"lazy\" decoding=\"async\" width=\"475\" height=\"475\" src=\"https:\/\/www.i-sped.com\/wp-content\/uploads\/2018\/10\/I-SPED-spedizioni-fiere_staff-Andrea-Bianchi-3.jpg\" class=\"attachment-full size-full\" alt=\"Foto di Andrea Bianchi\" srcset=\"https:\/\/www.i-sped.com\/wp-content\/uploads\/2018\/10\/I-SPED-spedizioni-fiere_staff-Andrea-Bianchi-3.jpg 1x,https:\/\/www.i-sped.com\/wp-content\/uploads\/2018\/10\/I-SPED-spedizioni-fiere_staff-Andrea-Bianchi_retina-2.jpg 2x\" \/>\t\t\t\t<\/div>\r\n\t\t\t\t<figcaption>\r\n\t\t\t\t\t<ul class=\"eut-team-social eut-align-center\">\r\n\t\t\t\t\t\t<li><a href=\"mailto:&#97;n&#100;&#114;&#101;&#97;&#46;&#98;&#105;anc&#104;&#105;&#64;isp&#101;d&#46;&#99;om\" class=\"eut-text-hover-primary-1 eut-bg-white\"><i class=\"fas fa-envelope\"><\/i><\/a><\/li>\t\t\t\t\t<\/ul>\r\n\t\t\t\t<\/figcaption>\r\n\t\t\t<\/figure>\r\n\t\t\t<div class=\"eut-team-description eut-align-center\">\r\n\t\t\t\t\t\t\t\t<div class=\"eut-team-identity eut-small-text\">Propietario y fundador<\/div>\r\n\t\t\t\t\t\t\t\t\t\t\t\t<h4 class=\"eut-team-name eut-text-hover-primary-1 eut-h4\">Andrea Bianchi<\/h4>\r\n\t\t\t\t\t\t\t<\/div>\r\n\t\t<\/div>\r\n\t\t\r\n\t\t[\/vc_column][vc_column width=\u00bb1\/4&#8243;]\r\n\t\t\t\t<div class=\"eut-team eut-element eut-layout-1\" style=\"\">\r\n\t\t\t<figure class=\"eut-image-hover eut-zoom-none\">\r\n\t\t\t\t\t\t\t\t<div class=\"eut-team-person\">\r\n\t\t\t\t\t<div class=\"eut-bg-light eut-hover-overlay eut-opacity-20\"><\/div>\r\n\t\t\t\t\t<img loading=\"lazy\" decoding=\"async\" width=\"475\" height=\"475\" src=\"https:\/\/www.i-sped.com\/wp-content\/uploads\/2018\/10\/I-SPED-spedizioni-fiere_staff-Maurizio-Rinaldi-2.jpg\" class=\"attachment-full size-full\" alt=\"Foto di Maurizio Rinaldi\" srcset=\"https:\/\/www.i-sped.com\/wp-content\/uploads\/2018\/10\/I-SPED-spedizioni-fiere_staff-Maurizio-Rinaldi-2.jpg 1x,https:\/\/www.i-sped.com\/wp-content\/uploads\/2018\/10\/I-SPED-spedizioni-fiere_staff-Maurizio-Rinaldi_retina-2.jpg 2x\" \/>\t\t\t\t<\/div>\r\n\t\t\t\t<figcaption>\r\n\t\t\t\t\t<ul class=\"eut-team-social eut-align-center\">\r\n\t\t\t\t\t\t<li><a href=\"mailto:m&#97;&#117;ri&#122;io&#46;r&#105;na&#108;di&#64;isp&#101;d.&#99;om\" class=\"eut-text-hover-primary-1 eut-bg-white\"><i class=\"fas fa-envelope\"><\/i><\/a><\/li>\t\t\t\t\t<\/ul>\r\n\t\t\t\t<\/figcaption>\r\n\t\t\t<\/figure>\r\n\t\t\t<div class=\"eut-team-description eut-align-center\">\r\n\t\t\t\t\t\t\t\t<div class=\"eut-team-identity eut-small-text\">Director<\/div>\r\n\t\t\t\t\t\t\t\t\t\t\t\t<h4 class=\"eut-team-name eut-text-hover-primary-1 eut-h4\">Maurizio Rinaldi<\/h4>\r\n\t\t\t\t\t\t\t<\/div>\r\n\t\t<\/div>\r\n\t\t\r\n\t\t[\/vc_column][vc_column width=\u00bb1\/4&#8243;]\r\n\t\t\t\t<div class=\"eut-team eut-element eut-layout-1\" style=\"\">\r\n\t\t\t<figure class=\"eut-image-hover eut-zoom-none\">\r\n\t\t\t\t\t\t\t\t<div class=\"eut-team-person\">\r\n\t\t\t\t\t<div class=\"eut-bg-light eut-hover-overlay eut-opacity-20\"><\/div>\r\n\t\t\t\t\t<img loading=\"lazy\" decoding=\"async\" width=\"475\" height=\"475\" src=\"https:\/\/www.i-sped.com\/wp-content\/uploads\/2018\/10\/I-SPED-spedizioni-fiere_staff-Maira-Plumari-1.jpg\" class=\"attachment-full size-full\" alt=\"Foto di Maira Plumari\" srcset=\"https:\/\/www.i-sped.com\/wp-content\/uploads\/2018\/10\/I-SPED-spedizioni-fiere_staff-Maira-Plumari-1.jpg 1x,https:\/\/www.i-sped.com\/wp-content\/uploads\/2018\/10\/I-SPED-spedizioni-fiere_staff-Maira-Plumari_retina-1.jpg 2x\" \/>\t\t\t\t<\/div>\r\n\t\t\t\t<figcaption>\r\n\t\t\t\t\t<ul class=\"eut-team-social eut-align-center\">\r\n\t\t\t\t\t\t<li><a href=\"mailto:mai&#114;ap&#64;&#105;&#115;&#112;e&#100;&#46;&#99;o&#109;\" class=\"eut-text-hover-primary-1 eut-bg-white\"><i class=\"fas fa-envelope\"><\/i><\/a><\/li>\t\t\t\t\t<\/ul>\r\n\t\t\t\t<\/figcaption>\r\n\t\t\t<\/figure>\r\n\t\t\t<div class=\"eut-team-description eut-align-center\">\r\n\t\t\t\t\t\t\t\t<div class=\"eut-team-identity eut-small-text\">Director operativo<br \/>\nimport y export<\/div>\r\n\t\t\t\t\t\t\t\t\t\t\t\t<h4 class=\"eut-team-name eut-text-hover-primary-1 eut-h4\">Maira Plumari<\/h4>\r\n\t\t\t\t\t\t\t<\/div>\r\n\t\t<\/div>\r\n\t\t\r\n\t\t[\/vc_column][vc_column width=\u00bb1\/4&#8243;]\r\n\t\t\t\t<div class=\"eut-team eut-element eut-layout-1\" style=\"\">\r\n\t\t\t<figure class=\"eut-image-hover eut-zoom-none\">\r\n\t\t\t\t\t\t\t\t<div class=\"eut-team-person\">\r\n\t\t\t\t\t<div class=\"eut-bg-light eut-hover-overlay eut-opacity-20\"><\/div>\r\n\t\t\t\t\t<img loading=\"lazy\" decoding=\"async\" width=\"475\" height=\"475\" src=\"https:\/\/www.i-sped.com\/wp-content\/uploads\/2018\/10\/I-SPED-spedizioni-fiere_staff-Rossana-DAulizio-1.jpg\" class=\"attachment-full size-full\" alt=\"Foto di Rossana DAulizio\" srcset=\"https:\/\/www.i-sped.com\/wp-content\/uploads\/2018\/10\/I-SPED-spedizioni-fiere_staff-Rossana-DAulizio-1.jpg 1x,https:\/\/www.i-sped.com\/wp-content\/uploads\/2018\/10\/I-SPED-spedizioni-fiere_staff-Rossana-DAulizio_retina-1.jpg 2x\" \/>\t\t\t\t<\/div>\r\n\t\t\t\t<figcaption>\r\n\t\t\t\t\t<ul class=\"eut-team-social eut-align-center\">\r\n\t\t\t\t\t\t<li><a href=\"mailto:&#114;o&#115;s&#97;&#110;&#97;d&#64;i&#115;&#112;e&#100;&#46;com\" class=\"eut-text-hover-primary-1 eut-bg-white\"><i class=\"fas fa-envelope\"><\/i><\/a><\/li>\t\t\t\t\t<\/ul>\r\n\t\t\t\t<\/figcaption>\r\n\t\t\t<\/figure>\r\n\t\t\t<div class=\"eut-team-description eut-align-center\">\r\n\t\t\t\t\t\t\t\t<div class=\"eut-team-identity eut-small-text\">Director operativo<br \/>\nimport y export<\/div>\r\n\t\t\t\t\t\t\t\t\t\t\t\t<h4 class=\"eut-team-name eut-text-hover-primary-1 eut-h4\">Rossana D\u2019Aulizio<\/h4>\r\n\t\t\t\t\t\t\t<\/div>\r\n\t\t<\/div>\r\n\t\t\r\n\t\t[\/vc_column][\/vc_row][vc_row][vc_column width=\u00bb1\/4&#8243;]\r\n\t\t\t\t<div class=\"eut-team eut-element eut-layout-1\" style=\"\">\r\n\t\t\t<figure class=\"eut-image-hover eut-zoom-none\">\r\n\t\t\t\t\t\t\t\t<div class=\"eut-team-person\">\r\n\t\t\t\t\t<div class=\"eut-bg-light eut-hover-overlay eut-opacity-20\"><\/div>\r\n\t\t\t\t\t<img loading=\"lazy\" decoding=\"async\" width=\"475\" height=\"475\" src=\"https:\/\/www.i-sped.com\/wp-content\/uploads\/2018\/10\/I-SPED-spedizioni-fiere_staff-Monica-Focacci-1.jpg\" class=\"attachment-full size-full\" alt=\"Foto di Monica Focacci\" srcset=\"https:\/\/www.i-sped.com\/wp-content\/uploads\/2018\/10\/I-SPED-spedizioni-fiere_staff-Monica-Focacci-1.jpg 1x,https:\/\/www.i-sped.com\/wp-content\/uploads\/2018\/10\/I-SPED-spedizioni-fiere_staff-Monica-Focacci_retina-1.jpg 2x\" \/>\t\t\t\t<\/div>\r\n\t\t\t\t<figcaption>\r\n\t\t\t\t\t<ul class=\"eut-team-social eut-align-center\">\r\n\t\t\t\t\t\t<li><a href=\"mailto:&#109;o&#110;i&#99;a&#102;&#64;isp&#101;&#100;.&#99;om\" class=\"eut-text-hover-primary-1 eut-bg-white\"><i class=\"fas fa-envelope\"><\/i><\/a><\/li>\t\t\t\t\t<\/ul>\r\n\t\t\t\t<\/figcaption>\r\n\t\t\t<\/figure>\r\n\t\t\t<div class=\"eut-team-description eut-align-center\">\r\n\t\t\t\t\t\t\t\t<div class=\"eut-team-identity eut-small-text\">Director operativo<br \/>\nimport y export<\/div>\r\n\t\t\t\t\t\t\t\t\t\t\t\t<h4 class=\"eut-team-name eut-text-hover-primary-1 eut-h4\">Monica Focacci<\/h4>\r\n\t\t\t\t\t\t\t<\/div>\r\n\t\t<\/div>\r\n\t\t\r\n\t\t[\/vc_column][vc_column width=\u00bb1\/4&#8243;]\r\n\t\t\t\t<div class=\"eut-team eut-element eut-layout-1\" style=\"\">\r\n\t\t\t<figure class=\"eut-image-hover eut-zoom-none\">\r\n\t\t\t\t\t\t\t\t<div class=\"eut-team-person\">\r\n\t\t\t\t\t<div class=\"eut-bg-light eut-hover-overlay eut-opacity-20\"><\/div>\r\n\t\t\t\t\t<img loading=\"lazy\" decoding=\"async\" width=\"475\" height=\"475\" src=\"https:\/\/www.i-sped.com\/wp-content\/uploads\/2018\/10\/I-SPED-spedizioni-fiere_staff-Stefania-Ventura-1.jpg\" class=\"attachment-full size-full\" alt=\"Foto di Stefania Ventura\" srcset=\"https:\/\/www.i-sped.com\/wp-content\/uploads\/2018\/10\/I-SPED-spedizioni-fiere_staff-Stefania-Ventura-1.jpg 1x,https:\/\/www.i-sped.com\/wp-content\/uploads\/2018\/10\/I-SPED-spedizioni-fiere_staff-Stefania-Ventura_retina-1.jpg 2x\" \/>\t\t\t\t<\/div>\r\n\t\t\t\t<figcaption>\r\n\t\t\t\t\t<ul class=\"eut-team-social eut-align-center\">\r\n\t\t\t\t\t\t<li><a href=\"mailto:st&#101;f&#97;&#110;iav&#64;&#105;sp&#101;d&#46;&#99;&#111;m\" class=\"eut-text-hover-primary-1 eut-bg-white\"><i class=\"fas fa-envelope\"><\/i><\/a><\/li>\t\t\t\t\t<\/ul>\r\n\t\t\t\t<\/figcaption>\r\n\t\t\t<\/figure>\r\n\t\t\t<div class=\"eut-team-description eut-align-center\">\r\n\t\t\t\t\t\t\t\t<div class=\"eut-team-identity eut-small-text\">Jefe de ventas<\/div>\r\n\t\t\t\t\t\t\t\t\t\t\t\t<h4 class=\"eut-team-name eut-text-hover-primary-1 eut-h4\">Stefania Ventura<\/h4>\r\n\t\t\t\t\t\t\t<\/div>\r\n\t\t<\/div>\r\n\t\t\r\n\t\t[\/vc_column][vc_column width=\u00bb1\/4&#8243;]\r\n\t\t\t\t<div class=\"eut-team eut-element eut-layout-1\" style=\"\">\r\n\t\t\t<figure class=\"eut-image-hover eut-zoom-none\">\r\n\t\t\t\t\t\t\t\t<div class=\"eut-team-person\">\r\n\t\t\t\t\t<div class=\"eut-bg-light eut-hover-overlay eut-opacity-20\"><\/div>\r\n\t\t\t\t\t<img loading=\"lazy\" decoding=\"async\" width=\"475\" height=\"475\" src=\"https:\/\/www.i-sped.com\/wp-content\/uploads\/2018\/10\/I-SPED-spedizioni-fiere_staff-Elena-Nincheri-1.jpg\" class=\"attachment-full size-full\" alt=\"Foto di Elena Ninchieri\" srcset=\"https:\/\/www.i-sped.com\/wp-content\/uploads\/2018\/10\/I-SPED-spedizioni-fiere_staff-Elena-Nincheri-1.jpg 1x,https:\/\/www.i-sped.com\/wp-content\/uploads\/2018\/10\/I-SPED-spedizioni-fiere_staff-Elena-Nincheri_retina-1.jpg 2x\" \/>\t\t\t\t<\/div>\r\n\t\t\t\t<figcaption>\r\n\t\t\t\t\t<ul class=\"eut-team-social eut-align-center\">\r\n\t\t\t\t\t\t<li><a href=\"mailto:&#101;l&#101;&#110;an&#64;&#105;&#115;p&#101;d&#46;&#99;om\" class=\"eut-text-hover-primary-1 eut-bg-white\"><i class=\"fas fa-envelope\"><\/i><\/a><\/li>\t\t\t\t\t<\/ul>\r\n\t\t\t\t<\/figcaption>\r\n\t\t\t<\/figure>\r\n\t\t\t<div class=\"eut-team-description eut-align-center\">\r\n\t\t\t\t\t\t\t\t<div class=\"eut-team-identity eut-small-text\">Departamento contable<\/div>\r\n\t\t\t\t\t\t\t\t\t\t\t\t<h4 class=\"eut-team-name eut-text-hover-primary-1 eut-h4\">Elena Nincheri<\/h4>\r\n\t\t\t\t\t\t\t<\/div>\r\n\t\t<\/div>\r\n\t\t\r\n\t\t[\/vc_column][vc_column width=\u00bb1\/4&#8243;]\r\n\t\t\t\t<div class=\"eut-team eut-element eut-layout-1\" style=\"\">\r\n\t\t\t<figure class=\"eut-image-hover eut-zoom-none\">\r\n\t\t\t\t\t\t\t\t<div class=\"eut-team-person\">\r\n\t\t\t\t\t<div class=\"eut-bg-light eut-hover-overlay eut-opacity-20\"><\/div>\r\n\t\t\t\t\t<img loading=\"lazy\" decoding=\"async\" width=\"475\" height=\"475\" src=\"https:\/\/www.i-sped.com\/wp-content\/uploads\/2018\/10\/I-SPED-spedizioni-fiere_staff-Gianluca-Ciari-1.jpg\" class=\"attachment-full size-full\" alt=\"Foto di Gianluca Ciari\" srcset=\"https:\/\/www.i-sped.com\/wp-content\/uploads\/2018\/10\/I-SPED-spedizioni-fiere_staff-Gianluca-Ciari-1.jpg 1x,https:\/\/www.i-sped.com\/wp-content\/uploads\/2018\/10\/I-SPED-spedizioni-fiere_staff-Gianluca-Ciari_retina-1.jpg 2x\" \/>\t\t\t\t<\/div>\r\n\t\t\t\t<figcaption>\r\n\t\t\t\t\t<ul class=\"eut-team-social eut-align-center\">\r\n\t\t\t\t\t\t<li><a href=\"mailto:g&#105;anlu&#99;a&#99;&#64;&#105;s&#112;&#101;d.c&#111;&#109;\" class=\"eut-text-hover-primary-1 eut-bg-white\"><i class=\"fas fa-envelope\"><\/i><\/a><\/li>\t\t\t\t\t<\/ul>\r\n\t\t\t\t<\/figcaption>\r\n\t\t\t<\/figure>\r\n\t\t\t<div class=\"eut-team-description eut-align-center\">\r\n\t\t\t\t\t\t\t\t<div class=\"eut-team-identity eut-small-text\">Transportista<\/div>\r\n\t\t\t\t\t\t\t\t\t\t\t\t<h4 class=\"eut-team-name eut-text-hover-primary-1 eut-h4\">Gianluca Ciari<\/h4>\r\n\t\t\t\t\t\t\t<\/div>\r\n\t\t<\/div>\r\n\t\t\r\n\t\t[\/vc_column][\/vc_row][vc_row][vc_column width=\u00bb1\/4&#8243;]\r\n\t\t\t\t<div class=\"eut-team eut-element eut-layout-1\" style=\"\">\r\n\t\t\t<figure class=\"eut-image-hover eut-zoom-none\">\r\n\t\t\t\t\t\t\t\t<div class=\"eut-team-person\">\r\n\t\t\t\t\t<div class=\"eut-bg-light eut-hover-overlay eut-opacity-20\"><\/div>\r\n\t\t\t\t\t<img loading=\"lazy\" decoding=\"async\" width=\"475\" height=\"475\" src=\"https:\/\/www.i-sped.com\/wp-content\/uploads\/2018\/10\/I-SPED-spedizioni-fiere_staff-Elisa-Susanna-1.jpg\" class=\"attachment-full size-full\" alt=\"Foto di Elisa Susanna\" srcset=\"https:\/\/www.i-sped.com\/wp-content\/uploads\/2018\/10\/I-SPED-spedizioni-fiere_staff-Elisa-Susanna-1.jpg 1x,https:\/\/www.i-sped.com\/wp-content\/uploads\/2018\/10\/I-SPED-spedizioni-fiere_staff-Elisa-Susanna_retina-1.jpg 2x\" \/>\t\t\t\t<\/div>\r\n\t\t\t\t<figcaption>\r\n\t\t\t\t\t<ul class=\"eut-team-social eut-align-center\">\r\n\t\t\t\t\t\t<li><a href=\"mailto:&#101;l&#105;sa&#115;&#64;&#105;sped&#46;&#99;om\" class=\"eut-text-hover-primary-1 eut-bg-white\"><i class=\"fas fa-envelope\"><\/i><\/a><\/li>\t\t\t\t\t<\/ul>\r\n\t\t\t\t<\/figcaption>\r\n\t\t\t<\/figure>\r\n\t\t\t<div class=\"eut-team-description eut-align-center\">\r\n\t\t\t\t\t\t\t\t<div class=\"eut-team-identity eut-small-text\">encargada j\u00fanior de env\u00edos<\/div>\r\n\t\t\t\t\t\t\t\t\t\t\t\t<h4 class=\"eut-team-name eut-text-hover-primary-1 eut-h4\">Elisa Susanna<\/h4>\r\n\t\t\t\t\t\t\t<\/div>\r\n\t\t<\/div>\r\n\t\t\r\n\t\t[\/vc_column][vc_column width=\u00bb1\/4&#8243;]\r\n\t\t\t\t<div class=\"eut-team eut-element eut-layout-1\" style=\"\">\r\n\t\t\t<figure class=\"eut-image-hover eut-zoom-none\">\r\n\t\t\t\t\t\t\t\t<div class=\"eut-team-person\">\r\n\t\t\t\t\t<div class=\"eut-bg-light eut-hover-overlay eut-opacity-20\"><\/div>\r\n\t\t\t\t\t<img loading=\"lazy\" decoding=\"async\" width=\"475\" height=\"475\" src=\"https:\/\/www.i-sped.com\/wp-content\/uploads\/2018\/10\/I-SPED-spedizioni-fiere_staff-Francesco-Nardi-1.jpg\" class=\"attachment-full size-full\" alt=\"Foto di Francesco Nardi\" srcset=\"https:\/\/www.i-sped.com\/wp-content\/uploads\/2018\/10\/I-SPED-spedizioni-fiere_staff-Francesco-Nardi-1.jpg 1x,https:\/\/www.i-sped.com\/wp-content\/uploads\/2018\/10\/I-SPED-spedizioni-fiere_staff-Francesco-Nardi_retina-1.jpg 2x\" \/>\t\t\t\t<\/div>\r\n\t\t\t\t<figcaption>\r\n\t\t\t\t\t<ul class=\"eut-team-social eut-align-center\">\r\n\t\t\t\t\t\t<li><a href=\"mailto:s&#97;&#108;&#101;s&#64;&#105;sp&#101;&#100;&#46;&#99;&#111;&#109;\" class=\"eut-text-hover-primary-1 eut-bg-white\"><i class=\"fas fa-envelope\"><\/i><\/a><\/li>\t\t\t\t\t<\/ul>\r\n\t\t\t\t<\/figcaption>\r\n\t\t\t<\/figure>\r\n\t\t\t<div class=\"eut-team-description eut-align-center\">\r\n\t\t\t\t\t\t\t\t<div class=\"eut-team-identity eut-small-text\">vendedor j\u00fanior<\/div>\r\n\t\t\t\t\t\t\t\t\t\t\t\t<h4 class=\"eut-team-name eut-text-hover-primary-1 eut-h4\">Francesco Nardi<\/h4>\r\n\t\t\t\t\t\t\t<\/div>\r\n\t\t<\/div>\r\n\t\t\r\n\t\t[\/vc_column][vc_column width=\u00bb1\/4&#8243;][\/vc_column][vc_column width=\u00bb1\/4&#8243;][\/vc_column][\/vc_row][vc_row][vc_column]<div class=\"eut-empty-space\" style=\"height: 30px;\"><\/div>[\/vc_column][\/vc_row]<\/p>\n","protected":false},"excerpt":{"rendered":"<p>[vc_row columns_gap=\u00bb40&#8243; margin_bottom=\u00bb30&#8243;][vc_column width=\u00bb1\/2&#8243;][vc_column_text]I-Sped es una organizaci\u00f3n de transporte que ofrece una amplia gama de soluciones de log\u00edstica a nuestros clientes para el transporte de sus productos con trazabilidad completa, as\u00ed como los tiempos de tr\u00e1nsito y costos adecuados. I-Sped es muy activa en el sector ferial y puede ofrecer a sus clientes una presencia [&hellip;]<\/p>\n","protected":false},"author":1,"featured_media":0,"parent":0,"menu_order":0,"comment_status":"closed","ping_status":"closed","template":"","meta":{"_uag_custom_page_level_css":"","footnotes":""},"class_list":["post-20675","page","type-page","status-publish","hentry"],"yoast_head":"<!-- This site is optimized with the Yoast SEO plugin v27.6 - https:\/\/yoast.com\/product\/yoast-seo-wordpress\/ -->\n<title>El personal de I-Sped<\/title>\n<meta name=\"robots\" content=\"index, follow, max-snippet:-1, max-image-preview:large, max-video-preview:-1\" \/>\n<link rel=\"canonical\" href=\"https:\/\/www.i-sped.com\/es\/la-empresa\/\" \/>\n<meta property=\"og:locale\" content=\"es_ES\" \/>\n<meta property=\"og:type\" content=\"article\" \/>\n<meta property=\"og:title\" content=\"El personal de I-Sped\" \/>\n<meta property=\"og:description\" content=\"[vc_row columns_gap=\u00bb40&#8243; margin_bottom=\u00bb30&#8243;][vc_column width=\u00bb1\/2&#8243;][vc_column_text]I-Sped es una organizaci\u00f3n de transporte que ofrece una amplia gama de soluciones de log\u00edstica a nuestros clientes para el transporte de sus productos con trazabilidad completa, as\u00ed como los tiempos de tr\u00e1nsito y costos adecuados. I-Sped es muy activa en el sector ferial y puede ofrecer a sus clientes una presencia [&hellip;]\" \/>\n<meta property=\"og:url\" content=\"https:\/\/www.i-sped.com\/es\/la-empresa\/\" \/>\n<meta property=\"og:site_name\" content=\"I-SPED\" \/>\n<meta property=\"article:modified_time\" content=\"2019-07-10T15:07:35+00:00\" \/>\n<meta name=\"twitter:card\" content=\"summary_large_image\" \/>\n<meta name=\"twitter:label1\" content=\"Tiempo de lectura\" \/>\n\t<meta name=\"twitter:data1\" content=\"3 minutos\" \/>\n<script type=\"application\/ld+json\" class=\"yoast-schema-graph\">{\"@context\":\"https:\\\/\\\/schema.org\",\"@graph\":[{\"@type\":\"WebPage\",\"@id\":\"https:\\\/\\\/www.i-sped.com\\\/es\\\/la-empresa\\\/\",\"url\":\"https:\\\/\\\/www.i-sped.com\\\/es\\\/la-empresa\\\/\",\"name\":\"El personal de I-Sped\",\"isPartOf\":{\"@id\":\"https:\\\/\\\/www.i-sped.com\\\/#website\"},\"datePublished\":\"2018-11-14T09:55:19+00:00\",\"dateModified\":\"2019-07-10T15:07:35+00:00\",\"breadcrumb\":{\"@id\":\"https:\\\/\\\/www.i-sped.com\\\/es\\\/la-empresa\\\/#breadcrumb\"},\"inLanguage\":\"es\",\"potentialAction\":[{\"@type\":\"ReadAction\",\"target\":[\"https:\\\/\\\/www.i-sped.com\\\/es\\\/la-empresa\\\/\"]}]},{\"@type\":\"BreadcrumbList\",\"@id\":\"https:\\\/\\\/www.i-sped.com\\\/es\\\/la-empresa\\\/#breadcrumb\",\"itemListElement\":[{\"@type\":\"ListItem\",\"position\":1,\"name\":\"Home\",\"item\":\"https:\\\/\\\/www.i-sped.com\\\/es\\\/\"},{\"@type\":\"ListItem\",\"position\":2,\"name\":\"El personal de I-Sped\"}]},{\"@type\":\"WebSite\",\"@id\":\"https:\\\/\\\/www.i-sped.com\\\/#website\",\"url\":\"https:\\\/\\\/www.i-sped.com\\\/\",\"name\":\"I-SPED\",\"description\":\"\",\"publisher\":{\"@id\":\"https:\\\/\\\/www.i-sped.com\\\/#organization\"},\"potentialAction\":[{\"@type\":\"SearchAction\",\"target\":{\"@type\":\"EntryPoint\",\"urlTemplate\":\"https:\\\/\\\/www.i-sped.com\\\/?s={search_term_string}\"},\"query-input\":{\"@type\":\"PropertyValueSpecification\",\"valueRequired\":true,\"valueName\":\"search_term_string\"}}],\"inLanguage\":\"es\"},{\"@type\":\"Organization\",\"@id\":\"https:\\\/\\\/www.i-sped.com\\\/#organization\",\"name\":\"I-SPED\",\"url\":\"https:\\\/\\\/www.i-sped.com\\\/\",\"logo\":{\"@type\":\"ImageObject\",\"inLanguage\":\"es\",\"@id\":\"https:\\\/\\\/www.i-sped.com\\\/#\\\/schema\\\/logo\\\/image\\\/\",\"url\":\"https:\\\/\\\/www.i-sped.com\\\/wp-content\\\/uploads\\\/2025\\\/08\\\/I-SPED_logo_payoff-copia-1.webp\",\"contentUrl\":\"https:\\\/\\\/www.i-sped.com\\\/wp-content\\\/uploads\\\/2025\\\/08\\\/I-SPED_logo_payoff-copia-1.webp\",\"width\":800,\"height\":127,\"caption\":\"I-SPED\"},\"image\":{\"@id\":\"https:\\\/\\\/www.i-sped.com\\\/#\\\/schema\\\/logo\\\/image\\\/\"}}]}<\/script>\n<!-- \/ Yoast SEO plugin. -->","yoast_head_json":{"title":"El personal de I-Sped","robots":{"index":"index","follow":"follow","max-snippet":"max-snippet:-1","max-image-preview":"max-image-preview:large","max-video-preview":"max-video-preview:-1"},"canonical":"https:\/\/www.i-sped.com\/es\/la-empresa\/","og_locale":"es_ES","og_type":"article","og_title":"El personal de I-Sped","og_description":"[vc_row columns_gap=\u00bb40&#8243; margin_bottom=\u00bb30&#8243;][vc_column width=\u00bb1\/2&#8243;][vc_column_text]I-Sped es una organizaci\u00f3n de transporte que ofrece una amplia gama de soluciones de log\u00edstica a nuestros clientes para el transporte de sus productos con trazabilidad completa, as\u00ed como los tiempos de tr\u00e1nsito y costos adecuados. I-Sped es muy activa en el sector ferial y puede ofrecer a sus clientes una presencia [&hellip;]","og_url":"https:\/\/www.i-sped.com\/es\/la-empresa\/","og_site_name":"I-SPED","article_modified_time":"2019-07-10T15:07:35+00:00","twitter_card":"summary_large_image","twitter_misc":{"Tiempo de lectura":"3 minutos"},"schema":{"@context":"https:\/\/schema.org","@graph":[{"@type":"WebPage","@id":"https:\/\/www.i-sped.com\/es\/la-empresa\/","url":"https:\/\/www.i-sped.com\/es\/la-empresa\/","name":"El personal de I-Sped","isPartOf":{"@id":"https:\/\/www.i-sped.com\/#website"},"datePublished":"2018-11-14T09:55:19+00:00","dateModified":"2019-07-10T15:07:35+00:00","breadcrumb":{"@id":"https:\/\/www.i-sped.com\/es\/la-empresa\/#breadcrumb"},"inLanguage":"es","potentialAction":[{"@type":"ReadAction","target":["https:\/\/www.i-sped.com\/es\/la-empresa\/"]}]},{"@type":"BreadcrumbList","@id":"https:\/\/www.i-sped.com\/es\/la-empresa\/#breadcrumb","itemListElement":[{"@type":"ListItem","position":1,"name":"Home","item":"https:\/\/www.i-sped.com\/es\/"},{"@type":"ListItem","position":2,"name":"El personal de I-Sped"}]},{"@type":"WebSite","@id":"https:\/\/www.i-sped.com\/#website","url":"https:\/\/www.i-sped.com\/","name":"I-SPED","description":"","publisher":{"@id":"https:\/\/www.i-sped.com\/#organization"},"potentialAction":[{"@type":"SearchAction","target":{"@type":"EntryPoint","urlTemplate":"https:\/\/www.i-sped.com\/?s={search_term_string}"},"query-input":{"@type":"PropertyValueSpecification","valueRequired":true,"valueName":"search_term_string"}}],"inLanguage":"es"},{"@type":"Organization","@id":"https:\/\/www.i-sped.com\/#organization","name":"I-SPED","url":"https:\/\/www.i-sped.com\/","logo":{"@type":"ImageObject","inLanguage":"es","@id":"https:\/\/www.i-sped.com\/#\/schema\/logo\/image\/","url":"https:\/\/www.i-sped.com\/wp-content\/uploads\/2025\/08\/I-SPED_logo_payoff-copia-1.webp","contentUrl":"https:\/\/www.i-sped.com\/wp-content\/uploads\/2025\/08\/I-SPED_logo_payoff-copia-1.webp","width":800,"height":127,"caption":"I-SPED"},"image":{"@id":"https:\/\/www.i-sped.com\/#\/schema\/logo\/image\/"}}]}},"uagb_featured_image_src":{"full":false,"thumbnail":false,"medium":false,"medium_large":false,"large":false,"1536x1536":false,"2048x2048":false,"fildisi-eutf-large-rect-horizontal":false,"fildisi-eutf-small-square":false,"fildisi-eutf-small-rect-horizontal":false,"fildisi-eutf-small-rect-vertical":false,"fildisi-eutf-medium-square":false,"fildisi-eutf-medium-rect-horizontal":false,"fildisi-eutf-medium-rect-vertical":false,"fildisi-eutf-fullscreen":false,"gform-image-choice-sm":false,"gform-image-choice-md":false,"gform-image-choice-lg":false},"uagb_author_info":{"display_name":"adminSped","author_link":"https:\/\/www.i-sped.com\/es\/author\/adminsped\/"},"uagb_comment_info":0,"uagb_excerpt":"[vc_row columns_gap=\u00bb40&#8243; margin_bottom=\u00bb30&#8243;][vc_column width=\u00bb1\/2&#8243;][vc_column_text]I-Sped es una organizaci\u00f3n de transporte que ofrece una amplia gama de soluciones de log\u00edstica a nuestros clientes para el transporte de sus productos con trazabilidad completa, as\u00ed como los tiempos de tr\u00e1nsito y costos adecuados. I-Sped es muy activa en el sector ferial y puede ofrecer a sus clientes una presencia&hellip;","_links":{"self":[{"href":"https:\/\/www.i-sped.com\/es\/wp-json\/wp\/v2\/pages\/20675","targetHints":{"allow":["GET"]}}],"collection":[{"href":"https:\/\/www.i-sped.com\/es\/wp-json\/wp\/v2\/pages"}],"about":[{"href":"https:\/\/www.i-sped.com\/es\/wp-json\/wp\/v2\/types\/page"}],"author":[{"embeddable":true,"href":"https:\/\/www.i-sped.com\/es\/wp-json\/wp\/v2\/users\/1"}],"replies":[{"embeddable":true,"href":"https:\/\/www.i-sped.com\/es\/wp-json\/wp\/v2\/comments?post=20675"}],"version-history":[{"count":6,"href":"https:\/\/www.i-sped.com\/es\/wp-json\/wp\/v2\/pages\/20675\/revisions"}],"predecessor-version":[{"id":21316,"href":"https:\/\/www.i-sped.com\/es\/wp-json\/wp\/v2\/pages\/20675\/revisions\/21316"}],"wp:attachment":[{"href":"https:\/\/www.i-sped.com\/es\/wp-json\/wp\/v2\/media?parent=20675"}],"curies":[{"name":"wp","href":"https:\/\/api.w.org\/{rel}","templated":true}]}}