{"id":20636,"date":"2018-11-13T11:48:19","date_gmt":"2018-11-13T10:48:19","guid":{"rendered":"https:\/\/www.i-sped.com\/?page_id=20636"},"modified":"2018-11-22T18:01:02","modified_gmt":"2018-11-22T17:01:02","slug":"tous-les-services","status":"publish","type":"page","link":"https:\/\/www.i-sped.com\/fr\/tous-les-services\/","title":{"rendered":"Tous les services"},"content":{"rendered":"<p>[vc_row margin_bottom=\u00a0\u00bb40&Prime;][vc_column][vc_tta_tour][vc_tta_section title=\u00a0\u00bbservice sp\u00e9cial\u00a0\u00bb tab_id=\u00a0\u00bb1539534102420-4cbf1084-9128&Prime;][vc_column_text]I-Sped sait tr\u00e8s bien qu&rsquo;il est important de satisfaire toutes les demandes de nos clients. Pour ne retarder pas votre routine quotidienne, nos services couvrent tous les jours f\u00e9ri\u00e9s, jour et nuit, et les fins de semaines. Nos services incluent types de marchandise diff\u00e9rentes: de la bijouterie aux machines, des \u00e9chantillons aux accessoires.<\/p>\n<p>Contactez <a href=\"mailto:monicaf@isped.com\">Mme Monica<\/a> pour des informations.[\/vc_column_text][\/vc_tta_section][vc_tta_section title=\u00a0\u00bblogistique\u00a0\u00bb tab_id=\u00a0\u00bb1539534102460-f1b4b648-be45&Prime;][vc_column_text]I-Sped Nos moyens d&rsquo;entreposage et de manutention nous permettent de r\u00e9aliser des prestations logistiques sur mesure en fonction de vos besoins. Nos prestations logistiques viennent compl\u00e9ter en amont ou en aval le transport de vos marchandises que nous r\u00e9alisons.<\/p>\n<p>Vous pourrez ainsi appr\u00e9cier la prise en charge compl\u00e8te de vos besoins en combinant nos services transports et nos services logistiques. Ce qui vous permet de gagner un temps pr\u00e9cieux et de r\u00e9aliser des \u00e9conomies non n\u00e9gligeables est notre philosophie.<\/p>\n<p>Contactez <a href=\"mailto:maurizio.rinaldi@isped.com\">Mr. Maurizio<\/a> pour des informations.[\/vc_column_text][\/vc_tta_section][vc_tta_section title=\u00a0\u00bbassistance avec la douane\u00a0\u00bb tab_id=\u00a0\u00bb1539534314179-233f1717-100f\u00a0\u00bb][vc_column_text]I-Sped propose une prestation sp\u00e9cifique de conseil en mati\u00e8re de douane adapt\u00e9e \u00e0 toute demande et offre une gestion compl\u00e8te des op\u00e9rations de douane pour l&rsquo;Europe et les pays extra-europ\u00e9ens.<\/p>\n<p>I-Sped vous assiste \u00e9galement avec le Carnet-ATA, certificats d&rsquo;origine, Cites, exportation temporaire, accise, et tous les documents douaniers n\u00e9cessaires pour le Moyen, le Extr\u00eame-Orient et les Am\u00e9riques.<\/p>\n<p>Si avez des produits sp\u00e9ciaux (vin, parfumes etc), n&rsquo;h\u00e9sitez pas \u00e0 contacter <a href=\"mailto:operativo@ispedsrl.com\">Mme. Rossana<\/a>.[\/vc_column_text][\/vc_tta_section][\/vc_tta_tour][\/vc_column][\/vc_row][vc_row bg_type=\u00a0\u00bbcolor\u00a0\u00bb padding_top_multiplier=\u00a0\u00bb3x\u00a0\u00bb padding_bottom_multiplier=\u00a0\u00bb3x\u00a0\u00bb columns_gap=\u00a0\u00bb10&Prime; bg_color=\u00a0\u00bb#3d3d3d\u00a0\u00bb margin_bottom=\u00a0\u00bb40&Prime;][vc_column width=\u00a0\u00bb1\/4&Prime; font_color=\u00a0\u00bb#ffffff\u00a0\u00bb]<div class=\"eut-element eut-counter eut-align-center\" style=\"\">  <div class=\"eut-counter-icon\">  <i class=\"smp-icon-like eut-text-primary-1 eut-small\"><\/i>  <\/div>  <div class=\"eut-counter-content\">    <div class=\"eut-counter-item eut-h3 eut-text-white\">      <span data-thousands-separator-vis=\"\" data-thousands-separator=\".\" data-prefix=\"\" data-suffix=\"\" data-start-val=\"25\" data-end-val=\"1385\" data-decimal-points=\"0\" data-decimal-separator=\".\" >25<\/span>    <\/div>\t<div class=\"eut-counter-title eut-small-text\">clients satisfaits<\/div>  <\/div><\/div>[\/vc_column][vc_column width=\u00a0\u00bb1\/4&Prime; font_color=\u00a0\u00bb#ffffff\u00a0\u00bb]<div class=\"eut-element eut-counter eut-align-center\" style=\"\">  <div class=\"eut-counter-icon\">  <i class=\"smp-icon-globe eut-text-primary-1 eut-small\"><\/i>  <\/div>  <div class=\"eut-counter-content\">    <div class=\"eut-counter-item eut-h3 eut-text-white\">      <span data-thousands-separator-vis=\"\" data-thousands-separator=\".\" data-prefix=\"\" data-suffix=\"\" data-start-val=\"3\" data-end-val=\"286\" data-decimal-points=\"0\" data-decimal-separator=\".\" >3<\/span>    <\/div>\t<div class=\"eut-counter-title eut-small-text\">participations \u00e0 des salons<\/div>  <\/div><\/div>[\/vc_column][vc_column width=\u00a0\u00bb1\/4&Prime; font_color=\u00a0\u00bb#ffffff\u00a0\u00bb]<div class=\"eut-element eut-counter eut-align-center\" style=\"\">  <div class=\"eut-counter-icon\">  <i class=\"smp-icon-location-pin eut-text-primary-1 eut-small\"><\/i>  <\/div>  <div class=\"eut-counter-content\">    <div class=\"eut-counter-item eut-h3 eut-text-white\">      <span data-thousands-separator-vis=\"\" data-thousands-separator=\".\" data-prefix=\"\" data-suffix=\"\" data-start-val=\"1\" data-end-val=\"31\" data-decimal-points=\"0\" data-decimal-separator=\".\" >1<\/span>    <\/div>\t<div class=\"eut-counter-title eut-small-text\">pays de destination<\/div>  <\/div><\/div>[\/vc_column][vc_column width=\u00a0\u00bb1\/4&Prime; font_color=\u00a0\u00bb#ffffff\u00a0\u00bb]<div class=\"eut-element eut-counter eut-align-center\" style=\"\">  <div class=\"eut-counter-icon\">  <i class=\"smp-icon-plane eut-text-primary-1 eut-small\"><\/i>  <\/div>  <div class=\"eut-counter-content\">    <div class=\"eut-counter-item eut-h3 eut-text-white\">      <span data-thousands-separator-vis=\"\" data-thousands-separator=\".\" data-prefix=\"\" data-suffix=\"\" data-start-val=\"17\" data-end-val=\"1386\" data-decimal-points=\"0\" data-decimal-separator=\".\" >17<\/span>    <\/div>\t<div class=\"eut-counter-title eut-small-text\">exp\u00e9ditions en 2018<\/div>  <\/div><\/div>[\/vc_column][\/vc_row][vc_row margin_bottom=\u00a0\u00bb40&Prime;][vc_column width=\u00a0\u00bb1\/6&Prime; tablet_sm_width=\u00a0\u00bbhide\u00a0\u00bb mobile_width=\u00a0\u00bbhide\u00a0\u00bb][\/vc_column][vc_column width=\u00a0\u00bb2\/3&Prime;]<h2 class=\"eut-element eut-title eut-align-center eut-h3\" style=\"\"><span>Nos services d&rsquo;exp\u00e9dition<\/span><\/h2>[vc_tta_tabs alignment=\u00a0\u00bbcenter\u00a0\u00bb active_section=\u00a0\u00bb1&Prime;][vc_tta_section title=\u00a0\u00bbtransport maritime\u00a0\u00bb tab_id=\u00a0\u00bb1539533704088-73fc8204-bd8d\u00a0\u00bb]<div class=\"eut-element eut-image eut-align-center\" style=\"margin-bottom: 30px;\">  <div class=\"eut-image-wrapper\"><img loading=\"lazy\" decoding=\"async\" width=\"750\" height=\"425\" src=\"https:\/\/www.i-sped.com\/wp-content\/uploads\/2018\/10\/I-SPED-spedizioni-fiere_spedizioni-via-mare.jpg\" class=\"attachment-full size-full\" alt=\"Dettaglio fotografico raffigurante il contenitore di legno contenente ls spedizione con l&#039;etichetta della spedizione di I-SPED con tutti i dati relativi\" srcset=\"https:\/\/www.i-sped.com\/wp-content\/uploads\/2018\/10\/I-SPED-spedizioni-fiere_spedizioni-via-mare.jpg 1x,https:\/\/www.i-sped.com\/wp-content\/uploads\/2018\/10\/I-SPED-spedizioni-fiere_spedizioni-via-mare_retina.jpg 2x\" \/>   <\/div><\/div>[vc_column_text css=\u00a0\u00bb.vc_custom_1542106525705{padding-right: 40px !important;padding-left: 40px !important;}\u00a0\u00bb]Gr\u00e2ce \u00e0 une \u00e9quipe bien r\u00f4d\u00e9e, I-Sped travaille de fa\u00e7on efficace, rentable et au service de la client\u00e8le, parce que I-Sped sait que la solution maritime est toujours celle \u00e0 bonne march\u00e9. Le transport maritime peut \u00eatre divis\u00e9 entre: LCL (groupage) et FCL (full load).<\/p>\n<p>C&rsquo;est la meilleure solution pour envoyer la marchandise aux foires. Avez-vous besoin de un container? Que marchandise devez vous envoyer? Nous avons toutes les r\u00e9ponses \u00e0 vos demandes.<\/p>\n<p>Contactez <a href=\"mailto:operativo@ispedsrl.com\">Mme Rossana<\/a> \/ <a href=\"mailto:elisas@isped.com\">Mme Elisa<\/a>[\/vc_column_text][\/vc_tta_section][vc_tta_section title=\u00a0\u00bbtransport routier\u00a0\u00bb tab_id=\u00a0\u00bb1539590973968-9ce9650c-6d8a\u00a0\u00bb]<div class=\"eut-element eut-image eut-align-center\" style=\"margin-bottom: 30px;\">  <div class=\"eut-image-wrapper\"><img loading=\"lazy\" decoding=\"async\" width=\"750\" height=\"425\" src=\"https:\/\/www.i-sped.com\/wp-content\/uploads\/2018\/10\/I-SPED-spedizioni-fiere_spedizioni-via-terra.jpg\" class=\"attachment-full size-full\" alt=\"Foto che ritrae container contente le spedizione in arrivo via terra\" srcset=\"https:\/\/www.i-sped.com\/wp-content\/uploads\/2018\/10\/I-SPED-spedizioni-fiere_spedizioni-via-terra.jpg 1x,https:\/\/www.i-sped.com\/wp-content\/uploads\/2018\/10\/I-SPED-spedizioni-fiere_spedizioni-via-terra_retina.jpg 2x\" \/>   <\/div><\/div>[vc_column_text css=\u00a0\u00bb.vc_custom_1542106612053{padding-right: 40px !important;padding-left: 40px !important;}\u00a0\u00bb]Pour des distances brefs, le transport routier est la solution pour du groupage et des camions complets. Le transport routier est la meilleure solution pour toutes les foires europ\u00e9ens. Que vos envois soient destin\u00e9s \u00e0 un client ou qu&rsquo;ils doivent transiter entre une foire, vos marchandises restent intactes et sont transport\u00e9es avec ponctualit\u00e9 et dans le respect de votre budget. Lorsque vous confiez votre envoi \u00e0 nos soins, nous savons qu&rsquo;une ex\u00e9cution parfaite est toujours requise. C&rsquo;est pourquoi nous disposons du personnel n\u00e9cessaire et nous avons instaur\u00e9 les processus requis.<\/p>\n<p>Avez-vous besoin d&rsquo;une assurance &lsquo;all-risks&rsquo;? Ont vos documents \u00e9t\u00e9 justement remplis? Contactez <a href=\"mailto:fiere@ispedsrl.com\">Mme. Maira<\/a> &amp; <a href=\"mailto:monicaf@isped.com\">Mme Monica<\/a>.[\/vc_column_text][\/vc_tta_section][vc_tta_section title=\u00a0\u00bbtransport a\u00e9rien\u00a0\u00bb tab_id=\u00a0\u00bb1539591107648-25313e5c-0fb9&Prime;]<div class=\"eut-element eut-image eut-align-center\" style=\"margin-bottom: 30px;\">  <div class=\"eut-image-wrapper\"><img loading=\"lazy\" decoding=\"async\" width=\"750\" height=\"425\" src=\"https:\/\/www.i-sped.com\/wp-content\/uploads\/2018\/10\/I-SPED-spedizioni-fiere_spedizioni-via-aerea.jpg\" class=\"attachment-full size-full\" alt=\"Dettaglio fotografico di un addetto che indossa una veste da lavoro marchiata I-SPED\" srcset=\"https:\/\/www.i-sped.com\/wp-content\/uploads\/2018\/10\/I-SPED-spedizioni-fiere_spedizioni-via-aerea.jpg 1x,https:\/\/www.i-sped.com\/wp-content\/uploads\/2018\/10\/I-SPED-spedizioni-fiere_spedizioni-via-aerea_retina.jpg 2x\" \/>   <\/div><\/div>[vc_column_text css=\u00a0\u00bb.vc_custom_1542106819598{padding-right: 40px !important;padding-left: 40px !important;}\u00a0\u00bb]Sans aucun doute le transport a\u00e9rien est le plus vite pour avoir votre marchandise livr\u00e9e au plus t\u00f4t possible. Nous sommes votre interlocuteur unique pour organiser et suivre la prestation compl\u00e8te, pour accompagner vos projets, m\u00eame les plus sp\u00e9cifiques.<\/p>\n<p>Contactez <a href=\"mailto:maurizio.rinaldi@isped.com\">Mr. Maurizio<\/a>.[\/vc_column_text][\/vc_tta_section][\/vc_tta_tabs][\/vc_column][vc_column width=\u00a0\u00bb1\/6&Prime; tablet_sm_width=\u00a0\u00bbhide\u00a0\u00bb mobile_width=\u00a0\u00bbhide\u00a0\u00bb][\/vc_column][\/vc_row]<\/p>\n","protected":false},"excerpt":{"rendered":"<p>[vc_row margin_bottom=\u00a0\u00bb40&Prime;][vc_column][vc_tta_tour][vc_tta_section title=\u00a0\u00bbservice sp\u00e9cial\u00a0\u00bb tab_id=\u00a0\u00bb1539534102420-4cbf1084-9128&Prime;][vc_column_text]I-Sped sait tr\u00e8s bien qu&rsquo;il est important de satisfaire toutes les demandes de nos clients. Pour ne retarder pas votre routine quotidienne, nos services couvrent tous les jours f\u00e9ri\u00e9s, jour et nuit, et les fins de semaines. Nos services incluent types de marchandise diff\u00e9rentes: de la bijouterie aux machines, des \u00e9chantillons [&hellip;]<\/p>\n","protected":false},"author":1,"featured_media":0,"parent":0,"menu_order":0,"comment_status":"closed","ping_status":"closed","template":"","meta":{"_uag_custom_page_level_css":"","footnotes":""},"class_list":["post-20636","page","type-page","status-publish","hentry"],"yoast_head":"<!-- This site is optimized with the Yoast SEO plugin v27.5 - https:\/\/yoast.com\/product\/yoast-seo-wordpress\/ -->\n<title>Tous les services<\/title>\n<meta name=\"robots\" content=\"index, follow, max-snippet:-1, max-image-preview:large, max-video-preview:-1\" \/>\n<link rel=\"canonical\" href=\"https:\/\/www.i-sped.com\/?page_id=19864\" \/>\n<meta property=\"og:locale\" content=\"fr_FR\" \/>\n<meta property=\"og:type\" content=\"article\" \/>\n<meta property=\"og:title\" content=\"Tous les services\" \/>\n<meta property=\"og:description\" content=\"[vc_row margin_bottom=\u00a0\u00bb40&Prime;][vc_column][vc_tta_tour][vc_tta_section title=\u00a0\u00bbservice sp\u00e9cial\u00a0\u00bb tab_id=\u00a0\u00bb1539534102420-4cbf1084-9128&Prime;][vc_column_text]I-Sped sait tr\u00e8s bien qu&rsquo;il est important de satisfaire toutes les demandes de nos clients. Pour ne retarder pas votre routine quotidienne, nos services couvrent tous les jours f\u00e9ri\u00e9s, jour et nuit, et les fins de semaines. Nos services incluent types de marchandise diff\u00e9rentes: de la bijouterie aux machines, des \u00e9chantillons [&hellip;]\" \/>\n<meta property=\"og:url\" content=\"https:\/\/www.i-sped.com\/?page_id=19864\" \/>\n<meta property=\"og:site_name\" content=\"I-SPED\" \/>\n<meta property=\"article:modified_time\" content=\"2018-11-22T17:01:02+00:00\" \/>\n<meta name=\"twitter:card\" content=\"summary_large_image\" \/>\n<meta name=\"twitter:label1\" content=\"Dur\u00e9e de lecture estim\u00e9e\" \/>\n\t<meta name=\"twitter:data1\" content=\"5 minutes\" \/>\n<script type=\"application\/ld+json\" class=\"yoast-schema-graph\">{\"@context\":\"https:\\\/\\\/schema.org\",\"@graph\":[{\"@type\":\"WebPage\",\"@id\":\"https:\\\/\\\/www.i-sped.com\\\/?page_id=19864\",\"url\":\"https:\\\/\\\/www.i-sped.com\\\/?page_id=19864\",\"name\":\"Tous les services\",\"isPartOf\":{\"@id\":\"https:\\\/\\\/www.i-sped.com\\\/#website\"},\"datePublished\":\"2018-11-13T10:48:19+00:00\",\"dateModified\":\"2018-11-22T17:01:02+00:00\",\"breadcrumb\":{\"@id\":\"https:\\\/\\\/www.i-sped.com\\\/?page_id=19864#breadcrumb\"},\"inLanguage\":\"fr-FR\",\"potentialAction\":[{\"@type\":\"ReadAction\",\"target\":[\"https:\\\/\\\/www.i-sped.com\\\/?page_id=19864\"]}]},{\"@type\":\"BreadcrumbList\",\"@id\":\"https:\\\/\\\/www.i-sped.com\\\/?page_id=19864#breadcrumb\",\"itemListElement\":[{\"@type\":\"ListItem\",\"position\":1,\"name\":\"Home\",\"item\":\"https:\\\/\\\/www.i-sped.com\\\/fr\\\/\"},{\"@type\":\"ListItem\",\"position\":2,\"name\":\"Tous les services\"}]},{\"@type\":\"WebSite\",\"@id\":\"https:\\\/\\\/www.i-sped.com\\\/#website\",\"url\":\"https:\\\/\\\/www.i-sped.com\\\/\",\"name\":\"I-SPED\",\"description\":\"\",\"publisher\":{\"@id\":\"https:\\\/\\\/www.i-sped.com\\\/#organization\"},\"potentialAction\":[{\"@type\":\"SearchAction\",\"target\":{\"@type\":\"EntryPoint\",\"urlTemplate\":\"https:\\\/\\\/www.i-sped.com\\\/?s={search_term_string}\"},\"query-input\":{\"@type\":\"PropertyValueSpecification\",\"valueRequired\":true,\"valueName\":\"search_term_string\"}}],\"inLanguage\":\"fr-FR\"},{\"@type\":\"Organization\",\"@id\":\"https:\\\/\\\/www.i-sped.com\\\/#organization\",\"name\":\"I-SPED\",\"url\":\"https:\\\/\\\/www.i-sped.com\\\/\",\"logo\":{\"@type\":\"ImageObject\",\"inLanguage\":\"fr-FR\",\"@id\":\"https:\\\/\\\/www.i-sped.com\\\/#\\\/schema\\\/logo\\\/image\\\/\",\"url\":\"https:\\\/\\\/www.i-sped.com\\\/wp-content\\\/uploads\\\/2025\\\/08\\\/I-SPED_logo_payoff-copia-1.webp\",\"contentUrl\":\"https:\\\/\\\/www.i-sped.com\\\/wp-content\\\/uploads\\\/2025\\\/08\\\/I-SPED_logo_payoff-copia-1.webp\",\"width\":800,\"height\":127,\"caption\":\"I-SPED\"},\"image\":{\"@id\":\"https:\\\/\\\/www.i-sped.com\\\/#\\\/schema\\\/logo\\\/image\\\/\"}}]}<\/script>\n<!-- \/ Yoast SEO plugin. -->","yoast_head_json":{"title":"Tous les services","robots":{"index":"index","follow":"follow","max-snippet":"max-snippet:-1","max-image-preview":"max-image-preview:large","max-video-preview":"max-video-preview:-1"},"canonical":"https:\/\/www.i-sped.com\/?page_id=19864","og_locale":"fr_FR","og_type":"article","og_title":"Tous les services","og_description":"[vc_row margin_bottom=\u00a0\u00bb40&Prime;][vc_column][vc_tta_tour][vc_tta_section title=\u00a0\u00bbservice sp\u00e9cial\u00a0\u00bb tab_id=\u00a0\u00bb1539534102420-4cbf1084-9128&Prime;][vc_column_text]I-Sped sait tr\u00e8s bien qu&rsquo;il est important de satisfaire toutes les demandes de nos clients. Pour ne retarder pas votre routine quotidienne, nos services couvrent tous les jours f\u00e9ri\u00e9s, jour et nuit, et les fins de semaines. Nos services incluent types de marchandise diff\u00e9rentes: de la bijouterie aux machines, des \u00e9chantillons [&hellip;]","og_url":"https:\/\/www.i-sped.com\/?page_id=19864","og_site_name":"I-SPED","article_modified_time":"2018-11-22T17:01:02+00:00","twitter_card":"summary_large_image","twitter_misc":{"Dur\u00e9e de lecture estim\u00e9e":"5 minutes"},"schema":{"@context":"https:\/\/schema.org","@graph":[{"@type":"WebPage","@id":"https:\/\/www.i-sped.com\/?page_id=19864","url":"https:\/\/www.i-sped.com\/?page_id=19864","name":"Tous les services","isPartOf":{"@id":"https:\/\/www.i-sped.com\/#website"},"datePublished":"2018-11-13T10:48:19+00:00","dateModified":"2018-11-22T17:01:02+00:00","breadcrumb":{"@id":"https:\/\/www.i-sped.com\/?page_id=19864#breadcrumb"},"inLanguage":"fr-FR","potentialAction":[{"@type":"ReadAction","target":["https:\/\/www.i-sped.com\/?page_id=19864"]}]},{"@type":"BreadcrumbList","@id":"https:\/\/www.i-sped.com\/?page_id=19864#breadcrumb","itemListElement":[{"@type":"ListItem","position":1,"name":"Home","item":"https:\/\/www.i-sped.com\/fr\/"},{"@type":"ListItem","position":2,"name":"Tous les services"}]},{"@type":"WebSite","@id":"https:\/\/www.i-sped.com\/#website","url":"https:\/\/www.i-sped.com\/","name":"I-SPED","description":"","publisher":{"@id":"https:\/\/www.i-sped.com\/#organization"},"potentialAction":[{"@type":"SearchAction","target":{"@type":"EntryPoint","urlTemplate":"https:\/\/www.i-sped.com\/?s={search_term_string}"},"query-input":{"@type":"PropertyValueSpecification","valueRequired":true,"valueName":"search_term_string"}}],"inLanguage":"fr-FR"},{"@type":"Organization","@id":"https:\/\/www.i-sped.com\/#organization","name":"I-SPED","url":"https:\/\/www.i-sped.com\/","logo":{"@type":"ImageObject","inLanguage":"fr-FR","@id":"https:\/\/www.i-sped.com\/#\/schema\/logo\/image\/","url":"https:\/\/www.i-sped.com\/wp-content\/uploads\/2025\/08\/I-SPED_logo_payoff-copia-1.webp","contentUrl":"https:\/\/www.i-sped.com\/wp-content\/uploads\/2025\/08\/I-SPED_logo_payoff-copia-1.webp","width":800,"height":127,"caption":"I-SPED"},"image":{"@id":"https:\/\/www.i-sped.com\/#\/schema\/logo\/image\/"}}]}},"uagb_featured_image_src":{"full":false,"thumbnail":false,"medium":false,"medium_large":false,"large":false,"1536x1536":false,"2048x2048":false,"fildisi-eutf-large-rect-horizontal":false,"fildisi-eutf-small-square":false,"fildisi-eutf-small-rect-horizontal":false,"fildisi-eutf-small-rect-vertical":false,"fildisi-eutf-medium-square":false,"fildisi-eutf-medium-rect-horizontal":false,"fildisi-eutf-medium-rect-vertical":false,"fildisi-eutf-fullscreen":false,"gform-image-choice-sm":false,"gform-image-choice-md":false,"gform-image-choice-lg":false},"uagb_author_info":{"display_name":"adminSped","author_link":"https:\/\/www.i-sped.com\/fr\/author\/adminsped\/"},"uagb_comment_info":0,"uagb_excerpt":"[vc_row margin_bottom=\u00a0\u00bb40&Prime;][vc_column][vc_tta_tour][vc_tta_section title=\u00a0\u00bbservice sp\u00e9cial\u00a0\u00bb tab_id=\u00a0\u00bb1539534102420-4cbf1084-9128&Prime;][vc_column_text]I-Sped sait tr\u00e8s bien qu&rsquo;il est important de satisfaire toutes les demandes de nos clients. Pour ne retarder pas votre routine quotidienne, nos services couvrent tous les jours f\u00e9ri\u00e9s, jour et nuit, et les fins de semaines. Nos services incluent types de marchandise diff\u00e9rentes: de la bijouterie aux machines, des \u00e9chantillons\u2026","_links":{"self":[{"href":"https:\/\/www.i-sped.com\/fr\/wp-json\/wp\/v2\/pages\/20636","targetHints":{"allow":["GET"]}}],"collection":[{"href":"https:\/\/www.i-sped.com\/fr\/wp-json\/wp\/v2\/pages"}],"about":[{"href":"https:\/\/www.i-sped.com\/fr\/wp-json\/wp\/v2\/types\/page"}],"author":[{"embeddable":true,"href":"https:\/\/www.i-sped.com\/fr\/wp-json\/wp\/v2\/users\/1"}],"replies":[{"embeddable":true,"href":"https:\/\/www.i-sped.com\/fr\/wp-json\/wp\/v2\/comments?post=20636"}],"version-history":[{"count":6,"href":"https:\/\/www.i-sped.com\/fr\/wp-json\/wp\/v2\/pages\/20636\/revisions"}],"predecessor-version":[{"id":20780,"href":"https:\/\/www.i-sped.com\/fr\/wp-json\/wp\/v2\/pages\/20636\/revisions\/20780"}],"wp:attachment":[{"href":"https:\/\/www.i-sped.com\/fr\/wp-json\/wp\/v2\/media?parent=20636"}],"curies":[{"name":"wp","href":"https:\/\/api.w.org\/{rel}","templated":true}]}}